{"id":2,"date":"2018-10-16T02:38:23","date_gmt":"2018-10-16T02:38:23","guid":{"rendered":"http:\/\/tsc-logistics.com.vn\/?page_id=2"},"modified":"2018-10-17T13:43:39","modified_gmt":"2018-10-17T06:43:39","slug":"gioi-thieu","status":"publish","type":"page","link":"https:\/\/tsc-logistics.com.vn\/vi\/gioi-thieu\/","title":{"rendered":"Gi\u1edbi thi\u1ec7u"},"content":{"rendered":"<p>TSC l\u00e0 m\u1ed9t trong nh\u1eefng c\u00f4ng ty h\u00e0ng \u0111\u1ea7u v\u1ec1 d\u1ecbch v\u1ee5 V\u00e2n t\u1ea3i v\u00e0 H\u1eadu c\u1ea7n V\u1eadn t\u1ea3i t\u1ea1i H\u1ea3i Ph\u00f2ng. Ch\u00fang t\u00f4i c\u00f3 h\u01a1n 55 n\u0103m kinh nghi\u1ec7m, k\u1ef9 n\u0103ng t\u1ed5 ch\u1ee9c tuy\u1ec7t v\u1eddi, s\u1ef1 hi\u1ec3u bi\u1ebft s\u00e2u r\u1ed9ng trong l\u0129nh v\u1ef1c c\u1ee7a ch\u00fang t\u00f4i v\u00e0 ngu\u1ed3n chuy\u00ean vi\u00ean c\u00f3 tr\u00ecnh \u0111\u1ed9 cao.<\/p>\n<p>C\u00f4ng ty TSC l\u00e0 ti\u1ec1n th\u00e2n c\u1ee7a c\u00f4ng ty \u00d4 t\u00f4 V\u1eadn t\u1ea3i H\u1ea3i Ph\u00f2ng tr\u1ef1c thu\u1ed9c s\u1edf giao th\u00f4ng v\u1eadn t\u1ea3i H\u1ea3i Ph\u00f2ng, th\u00e0nh l\u1eadp t\u1eeb n\u0103m 1960. \u0111\u00e3 \u0111\u01b0\u1ee3c bi\u1ebft \u0111\u1ebfn b\u1edfi c\u00e1c h\u00e3ng v\u1eadn t\u1ea3i, giao nh\u1eadn v\u1eadn t\u1ea3i v\u00e0 c\u00e1c nh\u00e0 khai th\u00e1c v\u1eadn t\u1ea3i \u0111a ph\u01b0\u01a1ng th\u1ee9c l\u00e0 c\u00e1c c\u00f4ng ty v\u1eadn t\u1ea3i \u0111\u00e1ng tin c\u1eady v\u00e0 c\u00f3 uy t\u00edn trong nhi\u1ec1u n\u0103m.<\/p>\n<p>TSC c\u00f3 h\u1ec7 th\u1ed1ng b\u00e3i \u0111\u1ec3 xe container, b\u00e3i l\u01b0u gi\u1eef container, kho h\u00e0ng v\u00e0 xe t\u01b0 nh\u00e2n ph\u1ee5c v\u1ee5 c\u00e1c d\u1ecbch v\u1ee5 v\u1eadn chuy\u1ec3n th\u00f4ng th\u01b0\u1eddng v\u00e0 container \u1edf 3 mi\u1ec1n B\u1eafc, Trung v\u00e0 Nam c\u0169ng nh\u01b0 l\u00e0 \u0110\u1ea1i l\u00fd v\u1eadn chuy\u1ec3n qu\u1ed1c t\u1ebf. K\u1ebft n\u1ed1i gi\u1eefa ng\u01b0\u1eddi g\u1eedi h\u00e0ng v\u00e0 ng\u01b0\u1eddi nh\u1eadn h\u00e0ng l\u00e0 \u0111i\u1ec1u ch\u00fang t\u00f4i lu\u00f4n c\u1ed1 g\u1eafng h\u1ebft s\u1ee9c \u0111\u1ec3 \u0111\u1ea1t \u0111\u01b0\u1ee3c.<\/p>\n<p><b>1 &#8211; T\u1ea6M <\/b><b>NH\u00ccN<\/b><\/p>\n<p>Ch\u00fang t\u00f4i lu\u00f4n d\u1eabn \u0111\u1ea7u v\u1ec1 gi\u1ea3i ph\u00e1p d\u1ecbch v\u1ee5 logistics to\u00e0n c\u1ea7u v\u00e0 t\u1ef1 h\u00e0o mang \u0111\u1ebfn cho kh\u00e1ch h\u00e0ng v\u00e0 c\u1ed5 \u0111\u00f4ng nh\u1eefng gi\u00e1 tr\u1ecb l\u1ee3i \u00edch l\u00e2u d\u00e0i<\/p>\n<p><b>2 &#8211; S\u1ee8 <\/b><b>M\u00caNH:<\/b><\/p>\n<p>Ch\u00fang t\u00f4i t\u1ed1i \u01b0u ho\u00e1 chu\u1ed7i cung \u1ee9ng c\u1ee7a b\u1ea1n: \u0111\u1ed9 tin c\u1eady, an ninh v\u00e0 minh b\u1ea1ch l\u00e0 nh\u1eefng n\u1ec1n t\u1ea3ng c\u1ee7a d\u1ecbch v\u1ee5 c\u1ee7a ch\u00fang t\u00f4i. M\u1ee5c ti\u00eau c\u1ee7a b\u1ea1n tr\u1edf th\u00e0nh m\u1ee5c ti\u00eau c\u1ee7a ch\u00fang t\u00f4i, v\u00e0 ch\u00fang t\u00f4i s\u1ebd t\u00edch c\u1ef1c theo \u0111u\u1ed5i ch\u00fang c\u00f9ng v\u1edbi t\u1ea5t c\u1ea3 n\u0103ng l\u01b0\u1ee3ng c\u1ee7a ch\u00fang t\u00f4i<\/p>\n<p><b>3 &#8211; GI\u00c1 <\/b><b>TR\u1eca C\u1ed0T L\u00d5I<\/b><\/p>\n<ul>\n<li>Kh\u00e1ch h\u00e0ng l\u00e0 tr\u00ean h\u1ebft: Theo \u0111u\u1ed5i nh\u1eefng gi\u1ea3i ph\u00e1p \u0111\u1ec3 cung c\u1ea5p nh\u1eefng d\u1ecbch v\u1ee5 ph\u1ee5c v\u1ee5 h\u00e0ng h\u00f3a chuy\u00ean nghi\u1ec7p v\u1edbi nhi\u1ec1u gi\u00e1 tr\u1ecb gia t\u0103ng cho kh\u00e1ch h\u00e0ng.<\/li>\n<li>Ch\u00fang t\u00f4i cam k\u1ebft cung c\u1ea5p c\u00e1c gi\u00e1 tr\u1ecb t\u1ed1t nh\u1ea5t cho kh\u00e1ch h\u00e0ng c\u1ee7ach\u00fang t\u00f4i b\u1eb1ng c\u00e1ch kh\u00f4ng ng\u1eebng n\u00e2ng cao v\u00e0 \u0111\u1ea7u t\u01b0 v\u00e0o con ng\u01b0\u1eddi,\u00a0d\u1ecbch v\u1ee5 c\u1ee7a ch\u00fang t\u00f4i.<\/li>\n<li>Ch\u00fang t\u00f4i t\u00ecm ki\u1ebfm v\u00e0 h\u01b0\u1edbng \u0111\u1ebfn s\u1ef1 th\u1ecbnh v\u01b0\u1ee3ng trong cu\u1ed9c s\u1ed1ng cho t\u1eadp th\u1ec3 nh\u00e2n vi\u00ean c\u00f4ng ty c\u0169ng nh\u01b0 cho qu\u00ed kh\u00e1ch h\u00e0ng v\u00e0 \u0111\u1ed1i t\u00e1c<\/li>\n<li>X\u00e2y d\u1ef1ng v\u0103n ho\u00e1 doanh nghi\u1ec7p c\u00f3 tinh th\u1ea7n tr\u00e1ch nhi\u1ec7m , t\u00ednh ch\u00ednh tr\u1ef1c v\u00e0 tinh th\u1ea7n t\u1eadp th\u1ec3.<\/li>\n<li>Ch\u00ednh s\u00e1ch \u0111\u00e0o t\u1ea1o v\u00e0 ph\u00e1t tri\u1ec3n \u0111\u1ed9i ng\u0169 nh\u00e2n vi\u00ean l\u00e0 nh\u00e2n t\u1ed1 ch\u00ednh \u0111\u1ec3t\u1ef1 c\u1ea3i ti\u1ebfn v\u00e0 \u0111\u1ed5i m\u1edbi nh\u1eb1m ph\u1ee5c v\u1ee5 t\u1ed1t h\u01a1n cho kh\u00e1ch h\u00e0ng.<\/li>\n<\/ul>\n","protected":false},"excerpt":{"rendered":"<p>TSC l\u00e0 m\u1ed9t trong nh\u1eefng c\u00f4ng ty h\u00e0ng \u0111\u1ea7u v\u1ec1 d\u1ecbch v\u1ee5 V\u00e2n t\u1ea3i v\u00e0 H\u1eadu c\u1ea7n V\u1eadn t\u1ea3i t\u1ea1i H\u1ea3i Ph\u00f2ng. Ch\u00fang t\u00f4i c\u00f3 h\u01a1n 55 n\u0103m kinh nghi\u1ec7m, &hellip; <a href=\"https:\/\/tsc-logistics.com.vn\/vi\/gioi-thieu\/\" class=\"more-link\" rel=\"nofollow\">Xem th\u00eam <span class=\"meta-nav\">&rarr;<\/span><\/a><\/p>\n","protected":false},"author":1,"featured_media":0,"parent":0,"menu_order":0,"comment_status":"closed","ping_status":"open","template":"","meta":[],"_links":{"self":[{"href":"https:\/\/tsc-logistics.com.vn\/vi\/wp-json\/wp\/v2\/pages\/2\/"}],"collection":[{"href":"https:\/\/tsc-logistics.com.vn\/vi\/wp-json\/wp\/v2\/pages\/"}],"about":[{"href":"https:\/\/tsc-logistics.com.vn\/vi\/wp-json\/wp\/v2\/types\/page\/"}],"author":[{"embeddable":true,"href":"https:\/\/tsc-logistics.com.vn\/vi\/wp-json\/wp\/v2\/users\/1\/"}],"replies":[{"embeddable":true,"href":"https:\/\/tsc-logistics.com.vn\/vi\/wp-json\/wp\/v2\/comments\/?post=2"}],"version-history":[{"count":3,"href":"https:\/\/tsc-logistics.com.vn\/vi\/wp-json\/wp\/v2\/pages\/2\/revisions\/"}],"predecessor-version":[{"id":210,"href":"https:\/\/tsc-logistics.com.vn\/vi\/wp-json\/wp\/v2\/pages\/2\/revisions\/210\/"}],"wp:attachment":[{"href":"https:\/\/tsc-logistics.com.vn\/vi\/wp-json\/wp\/v2\/media\/?parent=2"}],"curies":[{"name":"wp","href":"https:\/\/api.w.org\/{rel}","templated":true}]}}